{"id":193,"date":"2024-04-29T12:28:18","date_gmt":"2024-04-29T12:28:18","guid":{"rendered":"https:\/\/staging.molnbyggenstrand.se\/?page_id=193"},"modified":"2025-01-24T14:27:55","modified_gmt":"2025-01-24T14:27:55","slug":"vara-boenden","status":"publish","type":"page","link":"https:\/\/molnbyggenstrand.se\/en\/vara-boenden\/","title":{"rendered":"V\u00e5ra boenden"},"content":{"rendered":"<div id=\"cs-content\" class=\"cs-content\"><div class=\"x-section e193-e1 m5d-0 m5d-1\"><div class=\"x-row x-container max width e193-e2 m5d-9 m5d-a m5d-b m5d-c m5d-d m5d-e m5d-f m5d-g m5d-v m5d-w\"><div class=\"x-row-inner\"><div class=\"x-col e193-e3 m5d-1m m5d-1n m5d-1o m5d-1p m5d-1q m5d-1r\"><div class=\"x-text x-content e193-e4 m5d-23 m5d-24 m5d-25 m5d-26 m5d-27 m5d-3 m5d-4 x-effect-exit\" data-x-effect=\"{&quot;scroll&quot;:true,&quot;offsetTop&quot;:&quot;10%&quot;,&quot;offsetBottom&quot;:&quot;10%&quot;,&quot;behaviorScroll&quot;:&quot;fire-once&quot;}\"><p>V&aring;ra boenden<\/p><\/div><div class=\"x-text x-text-headline e193-e5 m5d-2i m5d-2j m5d-2k m5d-2l m5d-2m m5d-4 m5d-5 x-effect-exit\" data-x-effect=\"{&quot;scroll&quot;:true,&quot;offsetTop&quot;:&quot;10%&quot;,&quot;offsetBottom&quot;:&quot;10%&quot;,&quot;behaviorScroll&quot;:&quot;fire-once&quot;}\"><div class=\"x-text-content\"><div class=\"x-text-content-text\"><h1 class=\"x-text-content-text-primary\">Eget hus f&ouml;r b&aring;de mindre och st&ouml;rre s&auml;llskap<\/h1>\n<\/div><\/div><\/div><\/div><\/div><\/div><div class=\"x-row x-container max width e193-e6 m5d-9 m5d-a m5d-b m5d-e m5d-h m5d-i m5d-j m5d-k m5d-x m5d-y\"><div class=\"x-row-inner\"><div class=\"x-col e193-e7 m5d-1q m5d-1r m5d-1s\"><span class=\"x-image e193-e8 m5d-2u m5d-4 m5d-6 x-effect-exit\" data-x-effect=\"{&quot;scroll&quot;:true,&quot;offsetTop&quot;:&quot;10%&quot;,&quot;offsetBottom&quot;:&quot;10%&quot;,&quot;behaviorScroll&quot;:&quot;fire-once&quot;}\"><img decoding=\"async\" src=\"https:\/\/molnbyggenstrand.se\/wp-content\/uploads\/2024\/01\/Villa-Siljan.jpg\" width=\"600\" height=\"400\" alt=\"Image\" loading=\"lazy\"><\/span><div class=\"x-text x-text-headline e193-e9 m5d-2j m5d-2k m5d-2m m5d-2n m5d-3 m5d-4 x-effect-exit\" data-x-effect=\"{&quot;scroll&quot;:true,&quot;offsetTop&quot;:&quot;10%&quot;,&quot;offsetBottom&quot;:&quot;10%&quot;,&quot;behaviorScroll&quot;:&quot;fire-once&quot;}\"><div class=\"x-text-content\"><div class=\"x-text-content-text\"><h5 class=\"x-text-content-text-primary\">Villa Siljan<\/h5>\n<\/div><\/div><\/div><div class=\"x-text x-content e193-e10 m5d-25 m5d-26 m5d-27 m5d-28 m5d-29 m5d-3 m5d-4 x-effect-exit\" data-x-effect=\"{&quot;scroll&quot;:true,&quot;offsetTop&quot;:&quot;10%&quot;,&quot;offsetBottom&quot;:&quot;10%&quot;,&quot;behaviorScroll&quot;:&quot;fire-once&quot;}\"><p>I Villa Siljan finns b&aring;de dubbelrum eller enkelrum. Alla rum har egen toalett med dusch. I den gemensamma delen i mitten av huset ligger den mysiga storstugan med matplats och k&ouml;k. Det finns &auml;ven plats f&ouml;r h&auml;ng i soffan framf&ouml;r kaminen i s&auml;llskap av en bok eller f&ouml;r att bara njuta av utsikten &ouml;ver sj&ouml;n. Huset har totalt 17 b&auml;ddar, det g&aring;r &auml;ven bra att hyra halva huset med plats f&ouml;r nio personer.&nbsp;<\/p>\n<p>Villan passar &auml;ven perfekt f&ouml;r ett st&ouml;rre s&auml;llskap eller fler familjer som vill bo tillsammans.<\/p><\/div><\/div><div class=\"x-col e193-e11 m5d-1m m5d-1p m5d-1q m5d-1t m5d-1u m5d-1v m5d-1w\"><div class=\"x-div e193-e12 m5d-2v m5d-2w\"><span class=\"x-image e193-e13 m5d-2u m5d-4 m5d-7 x-effect-exit\" data-x-effect=\"{&quot;scroll&quot;:true,&quot;offsetTop&quot;:&quot;10%&quot;,&quot;offsetBottom&quot;:&quot;10%&quot;,&quot;behaviorScroll&quot;:&quot;fire-once&quot;}\"><img decoding=\"async\" src=\"https:\/\/molnbyggenstrand.se\/wp-content\/uploads\/2024\/01\/Villa-Styrsjon.jpg\" width=\"600\" height=\"400\" alt=\"Image\" loading=\"lazy\"><\/span><div class=\"x-text x-text-headline e193-e14 m5d-2j m5d-2k m5d-2m m5d-2n m5d-3 m5d-4 x-effect-exit\" data-x-effect=\"{&quot;scroll&quot;:true,&quot;offsetTop&quot;:&quot;10%&quot;,&quot;offsetBottom&quot;:&quot;10%&quot;,&quot;behaviorScroll&quot;:&quot;fire-once&quot;}\"><div class=\"x-text-content\"><div class=\"x-text-content-text\"><h5 class=\"x-text-content-text-primary\">Villa Styrsj\u00f6n<\/h5>\n<\/div><\/div><\/div><div class=\"x-text x-content e193-e15 m5d-25 m5d-26 m5d-27 m5d-28 m5d-29 m5d-3 m5d-4 x-effect-exit\" data-x-effect=\"{&quot;scroll&quot;:true,&quot;offsetTop&quot;:&quot;10%&quot;,&quot;offsetBottom&quot;:&quot;10%&quot;,&quot;behaviorScroll&quot;:&quot;fire-once&quot;}\"><p>Villa Styrsj&ouml;n passar perfekt f&ouml;r familjen. H&auml;r finns &aring;tta b&auml;ddar f&ouml;rdelat p&aring; tre rum. I det st&ouml;rre rummet fyra b&auml;ddar f&ouml;rdelat p&aring; en dubbels&auml;ng samt en v&aring;ningss&auml;ng. Stort badrum med dusch och toalett. Storstugan rymmer k&ouml;k, matplats och soffh&ouml;rna med tv. Uteplats med grill och utsikt ner mot sj&ouml;n.&nbsp;<\/p><\/div><\/div><\/div><\/div><\/div><\/div><div class=\"x-section e193-e16 m5d-0 m5d-2\"><div class=\"x-row x-container max width e193-e17 m5d-9 m5d-a m5d-b m5d-e m5d-g m5d-h m5d-l m5d-v m5d-z\"><div class=\"x-row-inner\"><div class=\"x-col e193-e18 m5d-1q m5d-1r\"><div class=\"x-text x-text-headline e193-e19 m5d-2j m5d-2k m5d-2l m5d-2o m5d-3 m5d-4 x-effect-exit\" data-x-effect=\"{&quot;scroll&quot;:true,&quot;offsetTop&quot;:&quot;10%&quot;,&quot;offsetBottom&quot;:&quot;10%&quot;,&quot;behaviorScroll&quot;:&quot;fire-once&quot;}\"><div class=\"x-text-content\"><div class=\"x-text-content-text\"><h2 class=\"x-text-content-text-primary\">Boka ditt boende<\/h2>\n<\/div><\/div><\/div><\/div><div class=\"x-col x-hide-sm x-hide-xs e193-e20 m5d-1q m5d-1r\"><\/div><\/div><\/div><div class=\"x-row x-container max width e193-e21 m5d-9 m5d-b m5d-e m5d-g m5d-h m5d-l m5d-m m5d-n m5d-v m5d-10\"><div class=\"x-row-inner\"><div class=\"x-col e193-e22 m5d-1q m5d-1r\"><div class=\"x-tabs e193-e23 m5d-2x m5d-3 m5d-4 x-effect-exit\" data-x-effect=\"{&quot;scroll&quot;:true,&quot;offsetTop&quot;:&quot;10%&quot;,&quot;offsetBottom&quot;:&quot;10%&quot;,&quot;behaviorScroll&quot;:&quot;fire-once&quot;}\" data-x-element-tabs=\"\"><div class=\"x-tabs-list\"><ul role=\"tablist\"><li role=\"presentation\"><button id=\"tab-e193-e24\" class=\"e193-e24 x-active\" role=\"tab\" aria-selected=\"true\" aria-controls=\"panel-e193-e24\" data-x-toggle=\"tab\" data-x-toggleable=\"tab-item-e193-e24\" data-x-toggle-group=\"tab-group-e193-e23\"><span>Villa Siljan<\/span><\/button><\/li><li role=\"presentation\"><button id=\"tab-e193-e145\" class=\"e193-e145\" role=\"tab\" aria-selected=\"false\" aria-controls=\"panel-e193-e145\" data-x-toggle=\"tab\" data-x-toggleable=\"tab-item-e193-e145\" data-x-toggle-group=\"tab-group-e193-e23\"><span>Villa Styrsj\u00f6n<\/span><\/button><\/li><\/ul><\/div><div class=\"x-tabs-panels\"><div id=\"panel-e193-e24\" class=\"x-tabs-panel e193-e24 x-active\" role=\"tabpanel\" aria-labelledby=\"tab-e193-e24\" aria-hidden=\"false\" data-x-toggleable=\"tab-item-e193-e24\"><div class=\"x-row e193-e25 m5d-9 m5d-a m5d-b m5d-e m5d-h m5d-i m5d-k m5d-o m5d-p m5d-x m5d-11 m5d-12\"><div class=\"x-row-inner\"><div class=\"x-col e193-e26 m5d-1q m5d-1r m5d-1x m5d-3 m5d-4 x-effect-exit\" data-x-effect=\"{&quot;scroll&quot;:true,&quot;offsetTop&quot;:&quot;10%&quot;,&quot;offsetBottom&quot;:&quot;10%&quot;,&quot;behaviorScroll&quot;:&quot;fire-once&quot;}\"><div class=\"x-bg\" aria-hidden=\"true\"><div class=\"x-bg-layer-lower-image\" style=\" background-image: url(https:\/\/molnbyggenstrand.se\/wp-content\/uploads\/2024\/06\/IMG_9502-2-scaled.jpg); background-repeat: no-repeat; background-position: center; background-size: cover;\"><\/div><\/div><\/div><div class=\"x-col e193-e27 m5d-1m m5d-1p m5d-1q m5d-1u m5d-1v m5d-1y m5d-1z m5d-20 m5d-4 m5d-8 x-effect-exit\" data-x-effect=\"{&quot;scroll&quot;:true,&quot;offsetTop&quot;:&quot;10%&quot;,&quot;offsetBottom&quot;:&quot;10%&quot;,&quot;behaviorScroll&quot;:&quot;fire-once&quot;}\"><div class=\"x-div e193-e28 m5d-2w\"><div class=\"x-text x-content e193-e29 m5d-25 m5d-26 m5d-29 m5d-2a mini\"><p>FR. 1 695kr<\/p><\/div><div class=\"x-text x-text-headline e193-e30 m5d-2k m5d-2l m5d-2o m5d-2p m5d-2q m5d-2r\"><div class=\"x-text-content\"><div class=\"x-text-content-text\"><h4 class=\"x-text-content-text-primary\">Villa Siljan Dubbelrum <br \/>Sj&ouml;utsikt<\/h4>\n<\/div><\/div><\/div><div class=\"x-text x-content e193-e31 m5d-25 m5d-26 m5d-29 m5d-2a m5d-2b\"><p>Dubbelrum i Villa Siljan med sj&ouml;utsikt och en 180 cm s&auml;ng. P&aring; rummet som &auml;r ca 12 kvm finns ett mindre skrivbord, f&aring;t&ouml;lj, garderob och tv. Badrum med wc och dusch.<\/p><\/div><\/div><div class=\"x-anchor x-anchor-toggle e193-e32 m5d-2y m5d-2z m5d-30 off-canvas\" tabindex=\"0\" role=\"button\" data-x-toggle=\"1\" data-x-toggleable=\"e193-e32\" data-x-toggle-overlay=\"1\" aria-controls=\"e193-e32-off-canvas\" aria-expanded=\"false\" aria-haspopup=\"true\" aria-label=\"Toggle Off Canvas Content\"><div class=\"x-anchor-content\"><div class=\"x-anchor-text\"><span class=\"x-anchor-text-primary\">L\u00e4s mer och boka<\/span><\/div><\/div><\/div><\/div><\/div><\/div><div class=\"x-row e193-e55 m5d-9 m5d-d m5d-e m5d-k m5d-n m5d-p m5d-u m5d-x m5d-11 m5d-16\"><div class=\"x-row-inner\"><div class=\"x-col e193-e56 m5d-1q m5d-1r m5d-1x m5d-3 m5d-4 x-effect-exit\" data-x-effect=\"{&quot;scroll&quot;:true,&quot;offsetTop&quot;:&quot;10%&quot;,&quot;offsetBottom&quot;:&quot;10%&quot;,&quot;behaviorScroll&quot;:&quot;fire-once&quot;}\"><div class=\"x-bg\" aria-hidden=\"true\"><div class=\"x-bg-layer-lower-image\" style=\" background-image: url(https:\/\/molnbyggenstrand.se\/wp-content\/uploads\/2024\/06\/IMG_9771-scaled.jpg); background-repeat: no-repeat; background-position: center; background-size: cover;\"><\/div><\/div><\/div><div class=\"x-col e193-e57 m5d-1m m5d-1p m5d-1q m5d-1u m5d-1v m5d-1y m5d-1z m5d-20 m5d-4 m5d-8 x-effect-exit\" data-x-effect=\"{&quot;scroll&quot;:true,&quot;offsetTop&quot;:&quot;10%&quot;,&quot;offsetBottom&quot;:&quot;10%&quot;,&quot;behaviorScroll&quot;:&quot;fire-once&quot;}\"><div class=\"x-div e193-e58 m5d-2w\"><div class=\"x-text x-content e193-e59 m5d-25 m5d-26 m5d-29 m5d-2a m5d-2g mini\"><p>FR. 1 695kr<\/p><\/div><div class=\"x-text x-text-headline e193-e60 m5d-2k m5d-2l m5d-2o m5d-2p m5d-2q m5d-2r\"><div class=\"x-text-content\"><div class=\"x-text-content-text\"><h4 class=\"x-text-content-text-primary\">Villa Siljan Dubbelrum<br \/>F&ouml;nster mot skogen<\/h4>\n<\/div><\/div><\/div><div class=\"x-text x-content e193-e61 m5d-25 m5d-26 m5d-29 m5d-2a m5d-2b\"><p>Dubbelrum i Villa Siljan med f&ouml;nster mot skogen och en 180 cm s&auml;ng. P&aring; rummet som &auml;r ca 12 kvm finns ett mindre skrivbord, f&aring;t&ouml;lj, garderob och tv. Badrum med wc och dusch.<\/p><\/div><\/div><div class=\"x-anchor x-anchor-toggle e193-e62 m5d-2y m5d-2z off-canvas\" tabindex=\"0\" role=\"button\" data-x-toggle=\"1\" data-x-toggleable=\"e193-e62\" data-x-toggle-overlay=\"1\" aria-controls=\"e193-e62-off-canvas\" aria-expanded=\"false\" aria-haspopup=\"true\" aria-label=\"Toggle Off Canvas Content\"><div class=\"x-anchor-content\"><div class=\"x-anchor-text\"><span class=\"x-anchor-text-primary\">L\u00e4s mer och boka<\/span><\/div><\/div><\/div><\/div><\/div><\/div><div class=\"x-row e193-e85 m5d-9 m5d-d m5d-e m5d-k m5d-n m5d-p m5d-u m5d-x m5d-11 m5d-1a\"><div class=\"x-row-inner\"><div class=\"x-col e193-e86 m5d-1q m5d-1r m5d-1x m5d-3 m5d-4 x-effect-exit\" data-x-effect=\"{&quot;scroll&quot;:true,&quot;offsetTop&quot;:&quot;10%&quot;,&quot;offsetBottom&quot;:&quot;10%&quot;,&quot;behaviorScroll&quot;:&quot;fire-once&quot;}\"><div class=\"x-bg\" aria-hidden=\"true\"><div class=\"x-bg-layer-lower-image\" style=\" background-image: url(https:\/\/molnbyggenstrand.se\/wp-content\/uploads\/2024\/01\/SiljanDubbelrum.jpg); background-repeat: no-repeat; background-position: center; background-size: cover;\"><\/div><\/div><\/div><div class=\"x-col e193-e87 m5d-1m m5d-1p m5d-1q m5d-1u m5d-1v m5d-1y m5d-1z m5d-20 m5d-4 m5d-8 x-effect-exit\" data-x-effect=\"{&quot;scroll&quot;:true,&quot;offsetTop&quot;:&quot;10%&quot;,&quot;offsetBottom&quot;:&quot;10%&quot;,&quot;behaviorScroll&quot;:&quot;fire-once&quot;}\"><div class=\"x-div e193-e88 m5d-2w\"><div class=\"x-text x-content e193-e89 m5d-25 m5d-26 m5d-29 m5d-2a m5d-2g mini\"><p>FR. 1 695kr&nbsp;<\/p><\/div><div class=\"x-text x-text-headline e193-e90 m5d-2k m5d-2l m5d-2o m5d-2p m5d-2q m5d-2r\"><div class=\"x-text-content\"><div class=\"x-text-content-text\"><h4 class=\"x-text-content-text-primary\">Villa Siljan Dubbelrum XL <br \/>F&ouml;nster mot tr&auml;dg&aring;rden<\/h4>\n<\/div><\/div><\/div><div class=\"x-text x-content e193-e91 m5d-25 m5d-26 m5d-29 m5d-2a m5d-2b\"><p>Dubbelrum i Villa Siljan med f&ouml;nster mot tr&auml;dg&aring;rden och en 180 cm s&auml;ng. P&aring; rummet som &auml;r ca 15 kvm finns ett mindre skrivbord, f&aring;t&ouml;lj, garderob och tv. Badrum med wc och dusch.<\/p><\/div><\/div><div class=\"x-anchor x-anchor-toggle e193-e92 m5d-2y m5d-31 off-canvas\" tabindex=\"0\" role=\"button\" data-x-toggle=\"1\" data-x-toggleable=\"e193-e92\" data-x-toggle-overlay=\"1\" aria-controls=\"e193-e92-off-canvas\" aria-expanded=\"false\" aria-haspopup=\"true\" aria-label=\"Toggle Off Canvas Content\"><div class=\"x-anchor-content\"><div class=\"x-anchor-text\"><span class=\"x-anchor-text-primary\">L\u00e4s mer och boka<\/span><\/div><\/div><\/div><\/div><\/div><\/div><div class=\"x-row e193-e115 m5d-9 m5d-d m5d-e m5d-k m5d-n m5d-p m5d-u m5d-x m5d-11 m5d-1e\"><div class=\"x-row-inner\"><div class=\"x-col e193-e116 m5d-1q m5d-1r m5d-1x m5d-3 m5d-4 x-effect-exit\" data-x-effect=\"{&quot;scroll&quot;:true,&quot;offsetTop&quot;:&quot;10%&quot;,&quot;offsetBottom&quot;:&quot;10%&quot;,&quot;behaviorScroll&quot;:&quot;fire-once&quot;}\"><div class=\"x-bg\" aria-hidden=\"true\"><div class=\"x-bg-layer-lower-image\" style=\" background-image: url(https:\/\/molnbyggenstrand.se\/wp-content\/uploads\/2024\/06\/IMG_9528-2-scaled.jpg); background-repeat: no-repeat; background-position: center; background-size: cover;\"><\/div><\/div><\/div><div class=\"x-col e193-e117 m5d-1m m5d-1p m5d-1q m5d-1u m5d-1v m5d-1y m5d-1z m5d-20 m5d-4 m5d-8 x-effect-exit\" data-x-effect=\"{&quot;scroll&quot;:true,&quot;offsetTop&quot;:&quot;10%&quot;,&quot;offsetBottom&quot;:&quot;10%&quot;,&quot;behaviorScroll&quot;:&quot;fire-once&quot;}\"><div class=\"x-div e193-e118 m5d-2w\"><div class=\"x-text x-content e193-e119 m5d-25 m5d-26 m5d-29 m5d-2a m5d-2g mini\"><p>FR. 1495kr<\/p><\/div><div class=\"x-text x-text-headline e193-e120 m5d-2k m5d-2l m5d-2o m5d-2p m5d-2q m5d-2r\"><div class=\"x-text-content\"><div class=\"x-text-content-text\"><h4 class=\"x-text-content-text-primary\">Villa Siljan <br \/>Enkelrum<\/h4>\n<\/div><\/div><\/div><div class=\"x-text x-content e193-e121 m5d-25 m5d-26 m5d-29 m5d-2a m5d-2b\"><p>Enkelrum i Villa Siljan med f&ouml;nster mot skogen och en 90 cm s&auml;ng. P&aring; rummet som &auml;r ca 9 kvm finns f&aring;t&ouml;lj, gott om kl&auml;dh&auml;ngare och tv. Badrum med wc och dusch.<\/p><\/div><\/div><div class=\"x-anchor x-anchor-toggle e193-e122 m5d-2y m5d-31 off-canvas\" tabindex=\"0\" role=\"button\" data-x-toggle=\"1\" data-x-toggleable=\"e193-e122\" data-x-toggle-overlay=\"1\" aria-controls=\"e193-e122-off-canvas\" aria-expanded=\"false\" aria-haspopup=\"true\" aria-label=\"Toggle Off Canvas Content\"><div class=\"x-anchor-content\"><div class=\"x-anchor-text\"><span class=\"x-anchor-text-primary\">L\u00e4s mer och boka<\/span><\/div><\/div><\/div><\/div><\/div><\/div><\/div><div id=\"panel-e193-e145\" class=\"x-tabs-panel e193-e145\" role=\"tabpanel\" aria-labelledby=\"tab-e193-e145\" aria-hidden=\"true\" data-x-toggleable=\"tab-item-e193-e145\"><div class=\"x-row e193-e146 m5d-9 m5d-a m5d-b m5d-e m5d-h m5d-i m5d-k m5d-o m5d-p m5d-x m5d-11 m5d-1i\"><div class=\"x-row-inner\"><div class=\"x-col e193-e147 m5d-1q m5d-1r m5d-1x\"><div class=\"x-bg\" aria-hidden=\"true\"><div class=\"x-bg-layer-lower-image\" style=\" background-image: url(https:\/\/molnbyggenstrand.se\/wp-content\/uploads\/2024\/01\/Villa-Styrsjon.jpg); background-repeat: no-repeat; background-position: center; background-size: cover;\"><\/div><\/div><\/div><div class=\"x-col e193-e148 m5d-1m m5d-1p m5d-1q m5d-1u m5d-1v m5d-1y m5d-1z m5d-20\"><div class=\"x-div e193-e149 m5d-2w\"><div class=\"x-text x-content e193-e150 m5d-25 m5d-26 m5d-29 m5d-2a m5d-2h mini\"><p>FR. 2995 kr&nbsp;<\/p><\/div><div class=\"x-text x-text-headline e193-e151 m5d-2k m5d-2l m5d-2o m5d-2p m5d-2r m5d-2t\"><div class=\"x-text-content\"><div class=\"x-text-content-text\"><h4 class=\"x-text-content-text-primary\">Villa Styrsj&ouml;n<\/h4>\n<\/div><\/div><\/div><div class=\"x-text x-content e193-e152 m5d-25 m5d-26 m5d-29 m5d-2a m5d-2b\">Den lilla villan f\u00f6r 8 personer f\u00f6rdelat p\u00e5 tre dubbelrum. Ett av dubbelrummen best\u00e5r av en dubbels\u00e4ng samt en v\u00e5ningss\u00e4ng. Kombinerat k\u00f6k, matplats och soffh\u00f6rna med h\u00f6gt i tak. Stort badrum, tv\u00e4ttmaskin och egen uteplats i soligt l\u00e4ge med grill.<\/div><\/div><div class=\"x-anchor x-anchor-toggle e193-e153 m5d-2y m5d-2z off-canvas\" tabindex=\"0\" role=\"button\" data-x-toggle=\"1\" data-x-toggleable=\"e193-e153\" data-x-toggle-overlay=\"1\" aria-controls=\"e193-e153-off-canvas\" aria-expanded=\"false\" aria-haspopup=\"true\" aria-label=\"Toggle Off Canvas Content\"><div class=\"x-anchor-content\"><div class=\"x-anchor-text\"><span class=\"x-anchor-text-primary\">L\u00e4s mer och boka<\/span><\/div><\/div><\/div><\/div><\/div><\/div><\/div><\/div><\/div><\/div><\/div><\/div><\/div><\/div>","protected":false},"excerpt":{"rendered":"<p>V&aring;ra boendenEget hus f&ouml;r b&aring;de mindre och st&ouml;rre s&auml;llskap Villa Siljan I Villa Siljan finns b&aring;de dubbelrum eller enkelrum. Alla rum har egen toalett med dusch. I den gemensamma delen i mitten av huset ligger den mysiga storstugan med matplats och k&ouml;k. Det finns &auml;ven plats f&ouml;r h&auml;ng i soffan framf&ouml;r kaminen i s&auml;llskap av en bok eller f&ouml;r att &#8230; <\/p>\n<div><a href=\"https:\/\/molnbyggenstrand.se\/en\/vara-boenden\/\" class=\"more-link\">Read More<\/a><\/div>","protected":false},"author":2,"featured_media":0,"parent":0,"menu_order":0,"comment_status":"closed","ping_status":"closed","template":"template-blank-4.php","meta":{"footnotes":""},"class_list":["post-193","page","type-page","status-publish","hentry","no-post-thumbnail"],"_links":{"self":[{"href":"https:\/\/molnbyggenstrand.se\/en\/wp-json\/wp\/v2\/pages\/193","targetHints":{"allow":["GET"]}}],"collection":[{"href":"https:\/\/molnbyggenstrand.se\/en\/wp-json\/wp\/v2\/pages"}],"about":[{"href":"https:\/\/molnbyggenstrand.se\/en\/wp-json\/wp\/v2\/types\/page"}],"author":[{"embeddable":true,"href":"https:\/\/molnbyggenstrand.se\/en\/wp-json\/wp\/v2\/users\/2"}],"replies":[{"embeddable":true,"href":"https:\/\/molnbyggenstrand.se\/en\/wp-json\/wp\/v2\/comments?post=193"}],"version-history":[{"count":51,"href":"https:\/\/molnbyggenstrand.se\/en\/wp-json\/wp\/v2\/pages\/193\/revisions"}],"predecessor-version":[{"id":692,"href":"https:\/\/molnbyggenstrand.se\/en\/wp-json\/wp\/v2\/pages\/193\/revisions\/692"}],"wp:attachment":[{"href":"https:\/\/molnbyggenstrand.se\/en\/wp-json\/wp\/v2\/media?parent=193"}],"curies":[{"name":"wp","href":"https:\/\/api.w.org\/{rel}","templated":true}]}}