{"id":197,"date":"2024-04-29T12:28:43","date_gmt":"2024-04-29T12:28:43","guid":{"rendered":"https:\/\/staging.molnbyggenstrand.se\/?page_id=197"},"modified":"2025-01-24T14:28:59","modified_gmt":"2025-01-24T14:28:59","slug":"events","status":"publish","type":"page","link":"https:\/\/molnbyggenstrand.se\/en\/events\/","title":{"rendered":"Events"},"content":{"rendered":"<div id=\"cs-content\" class=\"cs-content\"><div class=\"x-section e197-e1 m5h-0\"><div class=\"x-row x-container max width e197-e2 m5h-8 m5h-9 m5h-a m5h-b m5h-c m5h-d m5h-e m5h-f m5h-v m5h-w\"><div class=\"x-row-inner\"><div class=\"x-col e197-e3 m5h-1h m5h-1i m5h-1j m5h-1k m5h-1l m5h-1m m5h-1n\"><div class=\"x-text x-content e197-e4 m5h-1x m5h-1y m5h-1z m5h-20 m5h-21 m5h-22 m5h-23 m5h-1 m5h-2 x-effect-exit\" data-x-effect=\"{&quot;scroll&quot;:true,&quot;offsetTop&quot;:&quot;10%&quot;,&quot;offsetBottom&quot;:&quot;10%&quot;,&quot;behaviorScroll&quot;:&quot;fire-once&quot;}\"><p>Events &ndash; 2024<\/p><\/div><div class=\"x-text x-text-headline e197-e5 m5h-2f m5h-2g m5h-2h m5h-2 m5h-3 x-effect-exit\" data-x-effect=\"{&quot;scroll&quot;:true,&quot;offsetTop&quot;:&quot;10%&quot;,&quot;offsetBottom&quot;:&quot;10%&quot;,&quot;behaviorScroll&quot;:&quot;fire-once&quot;}\"><div class=\"x-text-content\"><div class=\"x-text-content-text\"><h2 class=\"x-text-content-text-primary\">Yoga, tr&auml;ning och retreats vid sj&ouml;n<\/h2>\n<\/div><\/div><\/div><\/div><\/div><\/div><div class=\"x-row x-container max width e197-e6 m5h-8 m5h-a m5h-f m5h-g m5h-h m5h-i m5h-j m5h-x m5h-y\"><div class=\"x-row-inner\"><div class=\"x-col e197-e7 m5h-1m m5h-1n m5h-1o\"><div class=\"x-bg\" aria-hidden=\"true\"><div class=\"x-bg-layer-lower-image\"><\/div><\/div><span class=\"x-image e197-e8 m5h-2o m5h-2p m5h-1 m5h-2 m5h-4 x-effect-exit\" data-x-effect=\"{&quot;durationBase&quot;:&quot;300ms&quot;,&quot;scroll&quot;:true,&quot;offsetTop&quot;:&quot;10%&quot;,&quot;offsetBottom&quot;:&quot;10%&quot;,&quot;behaviorScroll&quot;:&quot;fire-once&quot;}\"><img decoding=\"async\" src=\"https:\/\/molnbyggenstrand.se\/wp-content\/uploads\/2024\/01\/WorkOutDoor2.jpg\" width=\"800\" height=\"600\" alt=\"Image\" loading=\"lazy\"><\/span><\/div><div class=\"x-col e197-e9 m5h-1h m5h-1i m5h-1m m5h-1n m5h-1p\"><div class=\"x-row e197-e10 m5h-8 m5h-a m5h-b m5h-c m5h-j m5h-k m5h-l m5h-m m5h-v m5h-z m5h-1 m5h-2 x-effect-exit\" data-x-effect=\"{&quot;scroll&quot;:true,&quot;offsetTop&quot;:&quot;10%&quot;,&quot;offsetBottom&quot;:&quot;10%&quot;,&quot;behaviorScroll&quot;:&quot;fire-once&quot;}\"><div class=\"x-row-inner\"><div class=\"x-col e197-e11 m5h-1h m5h-1m m5h-1n m5h-1q m5h-1r m5h-1s\"><div class=\"x-text x-text-headline e197-e12 m5h-2g m5h-2h m5h-2i m5h-2j m5h-2k m5h-2 m5h-5 x-effect-exit\" data-x-effect=\"{&quot;scroll&quot;:true,&quot;offsetTop&quot;:&quot;10%&quot;,&quot;offsetBottom&quot;:&quot;10%&quot;,&quot;behaviorScroll&quot;:&quot;fire-once&quot;}\"><div class=\"x-text-content\"><div class=\"x-text-content-text\"><h3 class=\"x-text-content-text-primary\">Soma Move<\/h3>\n<\/div><\/div><\/div><\/div><div class=\"x-col e197-e13 m5h-1h m5h-1k m5h-1m m5h-1n m5h-1q m5h-1t\"><div class=\"x-anchor x-anchor-toggle e197-e14 m5h-2r m5h-2s m5h-2t change-background-color\" tabindex=\"0\" role=\"button\" data-x-toggle=\"1\" data-x-toggleable=\"e197-e14\" data-x-toggle-overlay=\"1\" aria-controls=\"e197-e14-off-canvas\" aria-expanded=\"false\" aria-haspopup=\"true\" aria-label=\"Toggle Off Canvas Content\"><div class=\"x-anchor-content\"><div class=\"x-anchor-text\"><span class=\"x-anchor-text-primary\">L\u00e4s mer och boka<\/span><\/div><\/div><\/div><\/div><\/div><\/div><\/div><\/div><\/div><div class=\"x-row x-container max width e197-e36 m5h-8 m5h-a m5h-f m5h-h m5h-i m5h-j m5h-l m5h-t m5h-x m5h-14\"><div class=\"x-row-inner\"><div class=\"x-col e197-e37 m5h-1m m5h-1n m5h-1o\"><div class=\"x-bg\" aria-hidden=\"true\"><div class=\"x-bg-layer-lower-image\"><\/div><\/div><span class=\"x-image e197-e38 m5h-2o m5h-2p m5h-1 m5h-2 m5h-4 x-effect-exit\" data-x-effect=\"{&quot;durationBase&quot;:&quot;300ms&quot;,&quot;scroll&quot;:true,&quot;offsetTop&quot;:&quot;10%&quot;,&quot;offsetBottom&quot;:&quot;10%&quot;,&quot;behaviorScroll&quot;:&quot;fire-once&quot;}\"><img decoding=\"async\" src=\"https:\/\/molnbyggenstrand.se\/wp-content\/uploads\/2024\/06\/IMG_0218-2-scaled.jpg\" width=\"1280\" height=\"1280\" alt=\"Image\" loading=\"lazy\"><\/span><\/div><div class=\"x-col e197-e39 m5h-1h m5h-1i m5h-1m m5h-1n m5h-1p\"><div class=\"x-row e197-e40 m5h-8 m5h-a m5h-b m5h-c m5h-j m5h-k m5h-l m5h-m m5h-v m5h-15 m5h-1 m5h-2 x-effect-exit\" data-x-effect=\"{&quot;scroll&quot;:true,&quot;offsetTop&quot;:&quot;10%&quot;,&quot;offsetBottom&quot;:&quot;10%&quot;,&quot;behaviorScroll&quot;:&quot;fire-once&quot;}\"><div class=\"x-row-inner\"><div class=\"x-col e197-e41 m5h-1h m5h-1m m5h-1n m5h-1q m5h-1r m5h-1s\"><div class=\"x-text x-text-headline e197-e42 m5h-2g m5h-2h m5h-2i m5h-2j m5h-2k m5h-2 m5h-5 x-effect-exit\" data-x-effect=\"{&quot;scroll&quot;:true,&quot;offsetTop&quot;:&quot;10%&quot;,&quot;offsetBottom&quot;:&quot;10%&quot;,&quot;behaviorScroll&quot;:&quot;fire-once&quot;}\"><div class=\"x-text-content\"><div class=\"x-text-content-text\"><h3 class=\"x-text-content-text-primary\">Yin Yoga<\/h3>\n<\/div><\/div><\/div><\/div><div class=\"x-col e197-e43 m5h-1h m5h-1k m5h-1m m5h-1n m5h-1q m5h-1t\"><div class=\"x-anchor x-anchor-toggle e197-e44 m5h-2r m5h-2s m5h-2t\" tabindex=\"0\" role=\"button\" data-x-toggle=\"1\" data-x-toggleable=\"e197-e44\" data-x-toggle-overlay=\"1\" aria-controls=\"e197-e44-off-canvas\" aria-expanded=\"false\" aria-haspopup=\"true\" aria-label=\"Toggle Off Canvas Content\"><div class=\"x-anchor-content\"><div class=\"x-anchor-text\"><span class=\"x-anchor-text-primary\">L\u00e4s mer och boka<\/span><\/div><\/div><\/div><\/div><\/div><\/div><\/div><\/div><\/div><div class=\"x-row x-container max width e197-e66 m5h-8 m5h-a m5h-f m5h-h m5h-i m5h-j m5h-l m5h-t m5h-x m5h-1a\"><div class=\"x-row-inner\"><div class=\"x-col e197-e67 m5h-1m m5h-1n m5h-1o\"><div class=\"x-bg\" aria-hidden=\"true\"><div class=\"x-bg-layer-lower-image\"><\/div><\/div><span class=\"x-image e197-e68 m5h-2o m5h-2p m5h-1 m5h-2 m5h-4 x-effect-exit\" data-x-effect=\"{&quot;durationBase&quot;:&quot;300ms&quot;,&quot;scroll&quot;:true,&quot;offsetTop&quot;:&quot;10%&quot;,&quot;offsetBottom&quot;:&quot;10%&quot;,&quot;behaviorScroll&quot;:&quot;fire-once&quot;}\"><img decoding=\"async\" src=\"https:\/\/molnbyggenstrand.se\/wp-content\/uploads\/2024\/05\/IMG_0071-scaled.jpg\" width=\"960\" height=\"1280\" alt=\"Image\" loading=\"lazy\"><\/span><\/div><div class=\"x-col e197-e69 m5h-1h m5h-1i m5h-1m m5h-1n m5h-1p\"><div class=\"x-row e197-e70 m5h-8 m5h-a m5h-b m5h-c m5h-j m5h-k m5h-l m5h-m m5h-v m5h-1b m5h-1 m5h-2 x-effect-exit\" data-x-effect=\"{&quot;scroll&quot;:true,&quot;offsetTop&quot;:&quot;10%&quot;,&quot;offsetBottom&quot;:&quot;10%&quot;,&quot;behaviorScroll&quot;:&quot;fire-once&quot;}\"><div class=\"x-row-inner\"><div class=\"x-col e197-e71 m5h-1h m5h-1i m5h-1m m5h-1n m5h-1p m5h-1r\"><div class=\"x-text x-text-headline e197-e72 m5h-2g m5h-2h m5h-2i m5h-2j m5h-2k m5h-2 m5h-5 x-effect-exit\" data-x-effect=\"{&quot;scroll&quot;:true,&quot;offsetTop&quot;:&quot;10%&quot;,&quot;offsetBottom&quot;:&quot;10%&quot;,&quot;behaviorScroll&quot;:&quot;fire-once&quot;}\"><div class=\"x-text-content\"><div class=\"x-text-content-text\"><h3 class=\"x-text-content-text-primary\">H&ouml;st Camp<\/h3>\n<\/div><\/div><\/div><\/div><div class=\"x-col e197-e73 m5h-1h m5h-1k m5h-1m m5h-1n m5h-1q m5h-1t\"><div class=\"x-anchor x-anchor-toggle e197-e74 m5h-2r m5h-2s m5h-2t\" tabindex=\"0\" role=\"button\" data-x-toggle=\"1\" data-x-toggleable=\"e197-e74\" data-x-toggle-overlay=\"1\" aria-controls=\"e197-e74-off-canvas\" aria-expanded=\"false\" aria-haspopup=\"true\" aria-label=\"Toggle Off Canvas Content\"><div class=\"x-anchor-content\"><div class=\"x-anchor-text\"><span class=\"x-anchor-text-primary\">L\u00e4s mer och boka<\/span><\/div><\/div><\/div><\/div><\/div><\/div><\/div><\/div><\/div><div class=\"x-row x-container max width e197-e96 m5h-8 m5h-a m5h-b m5h-c m5h-e m5h-f m5h-o m5h-u m5h-v m5h-1g\"><div class=\"x-row-inner\"><div class=\"x-col e197-e97 m5h-1h m5h-1i m5h-1j m5h-1k m5h-1l m5h-1m m5h-1n m5h-1w\"><div class=\"x-text x-content e197-e98 m5h-1y m5h-22 m5h-26 m5h-28 m5h-2b m5h-2d m5h-1 m5h-2 semi- x-effect-exit\" data-x-effect=\"{&quot;scroll&quot;:true,&quot;offsetTop&quot;:&quot;10%&quot;,&quot;offsetBottom&quot;:&quot;10%&quot;,&quot;behaviorScroll&quot;:&quot;fire-once&quot;}\"><p>Eget event<\/p><\/div><div class=\"x-text x-text-headline e197-e99 m5h-2g m5h-2i m5h-2k m5h-2m m5h-2n m5h-2 m5h-6 x-effect-exit\" data-x-effect=\"{&quot;scroll&quot;:true,&quot;offsetTop&quot;:&quot;10%&quot;,&quot;offsetBottom&quot;:&quot;10%&quot;,&quot;behaviorScroll&quot;:&quot;fire-once&quot;}\"><div class=\"x-text-content\"><div class=\"x-text-content-text\"><h3 class=\"x-text-content-text-primary\">Vill du anordna ditt eget event hos oss?<\/h3>\n<\/div><\/div><\/div><div class=\"x-text x-content e197-e100 m5h-1x m5h-1y m5h-1z m5h-21 m5h-22 m5h-26 m5h-2e m5h-2 m5h-6 x-effect-exit\" data-x-effect=\"{&quot;scroll&quot;:true,&quot;offsetTop&quot;:&quot;10%&quot;,&quot;offsetBottom&quot;:&quot;10%&quot;,&quot;behaviorScroll&quot;:&quot;fire-once&quot;}\"><p>V&aring;r anl&auml;ggning passar perfekt f&ouml;r dig som vill anordna ett event oavsett om det &auml;r en konferens, yogaretreat, tr&auml;ningsresa, cykelresa eller vandringsresa.<br \/><br \/>V&auml;lkomna upp till 25 deltagare p&aring; en fantastisk plats d&auml;r ni har m&ouml;jlighet att husera helt sj&auml;lva utan andra g&auml;ster.&nbsp;Ta med din egen kock eller l&aring;t oss ordna maten.<\/p><\/div><a class=\"x-anchor x-anchor-button e197-e101 m5h-2s m5h-2t m5h-2v m5h-2 m5h-7 x-effect-exit\" tabindex=\"0\" href=\"#\" data-x-effect=\"{&quot;scroll&quot;:true,&quot;offsetTop&quot;:&quot;10%&quot;,&quot;offsetBottom&quot;:&quot;10%&quot;,&quot;behaviorScroll&quot;:&quot;fire-once&quot;}\"><div class=\"x-anchor-content\"><div class=\"x-anchor-text\"><span class=\"x-anchor-text-primary\">Skicka eventf\u00f6rfr\u00e5gan<\/span><\/div><\/div><\/a><\/div><\/div><\/div><\/div><\/div>","protected":false},"excerpt":{"rendered":"<p>Events &ndash; 2024Yoga, tr&auml;ning och retreats vid sj&ouml;n Soma Move L\u00e4s mer och bokaYin Yoga L\u00e4s mer och bokaH&ouml;st Camp L\u00e4s mer och bokaEget eventVill du anordna ditt eget event hos oss? V&aring;r anl&auml;ggning passar perfekt f&ouml;r dig som vill anordna ett event oavsett om det &auml;r en konferens, yogaretreat, tr&auml;ningsresa, cykelresa eller vandringsresa.V&auml;lkomna upp till 25 deltagare p&aring; en &#8230; <\/p>\n<div><a href=\"https:\/\/molnbyggenstrand.se\/en\/events\/\" class=\"more-link\">Read More<\/a><\/div>","protected":false},"author":2,"featured_media":0,"parent":0,"menu_order":0,"comment_status":"closed","ping_status":"closed","template":"template-blank-4.php","meta":{"footnotes":""},"class_list":["post-197","page","type-page","status-publish","hentry","no-post-thumbnail"],"_links":{"self":[{"href":"https:\/\/molnbyggenstrand.se\/en\/wp-json\/wp\/v2\/pages\/197","targetHints":{"allow":["GET"]}}],"collection":[{"href":"https:\/\/molnbyggenstrand.se\/en\/wp-json\/wp\/v2\/pages"}],"about":[{"href":"https:\/\/molnbyggenstrand.se\/en\/wp-json\/wp\/v2\/types\/page"}],"author":[{"embeddable":true,"href":"https:\/\/molnbyggenstrand.se\/en\/wp-json\/wp\/v2\/users\/2"}],"replies":[{"embeddable":true,"href":"https:\/\/molnbyggenstrand.se\/en\/wp-json\/wp\/v2\/comments?post=197"}],"version-history":[{"count":105,"href":"https:\/\/molnbyggenstrand.se\/en\/wp-json\/wp\/v2\/pages\/197\/revisions"}],"predecessor-version":[{"id":681,"href":"https:\/\/molnbyggenstrand.se\/en\/wp-json\/wp\/v2\/pages\/197\/revisions\/681"}],"wp:attachment":[{"href":"https:\/\/molnbyggenstrand.se\/en\/wp-json\/wp\/v2\/media?parent=197"}],"curies":[{"name":"wp","href":"https:\/\/api.w.org\/{rel}","templated":true}]}}