{"id":450,"date":"2024-05-10T11:58:32","date_gmt":"2024-05-10T11:58:32","guid":{"rendered":"https:\/\/staging.molnbyggenstrand.se\/?page_id=450"},"modified":"2024-06-20T14:02:50","modified_gmt":"2024-06-20T14:02:50","slug":"erbjudanden","status":"publish","type":"page","link":"https:\/\/molnbyggenstrand.se\/en\/erbjudanden\/","title":{"rendered":"Erbjudanden"},"content":{"rendered":"<div id=\"cs-content\" class=\"cs-content\"><div class=\"x-section e450-e1 mci-0\"><div class=\"x-row x-container max width e450-e2 mci-8 mci-9 mci-a mci-b mci-c mci-i mci-j\"><div class=\"x-row-inner\"><div class=\"x-col e450-e3 mci-r mci-s mci-t mci-u\"><div class=\"x-text x-content e450-e4 mci-y mci-z mci-1 mci-2 mci-3 x-effect-exit\" data-x-effect=\"{&quot;scroll&quot;:true,&quot;offsetTop&quot;:&quot;10%&quot;,&quot;offsetBottom&quot;:&quot;10%&quot;,&quot;behaviorScroll&quot;:&quot;fire-once&quot;}\"><p>Erbjudanden<\/p><\/div><div class=\"x-text x-text-headline e450-e5 mci-11 mci-12 mci-2 mci-3 mci-4 x-effect-exit\" data-x-effect=\"{&quot;scroll&quot;:true,&quot;offsetTop&quot;:&quot;10%&quot;,&quot;offsetBottom&quot;:&quot;10%&quot;,&quot;behaviorScroll&quot;:&quot;fire-once&quot;}\"><div class=\"x-text-content\"><div class=\"x-text-content-text\"><h1 class=\"x-text-content-text-primary\">Ta del av v&aring;ra erbjudanden<\/h1>\n<\/div><\/div><\/div><\/div><\/div><\/div><div class=\"x-row x-container max width e450-e6 mci-8 mci-c mci-d mci-i mci-k\"><div class=\"x-row-inner\"><div class=\"x-col e450-e7 mci-u mci-v\"><hr class=\"x-line e450-e8 mci-16 mci-17 mci-3 mci-5 x-effect-exit\" data-x-effect=\"{&quot;scroll&quot;:true,&quot;offsetTop&quot;:&quot;10%&quot;,&quot;offsetBottom&quot;:&quot;10%&quot;,&quot;behaviorScroll&quot;:&quot;fire-once&quot;}\"\/><\/div><\/div><\/div><div class=\"x-row x-container max width e450-e9 mci-8 mci-9 mci-b mci-e mci-f mci-g mci-l mci-m\"><div class=\"x-row-inner\"><div class=\"x-col e450-e10 mci-u\"><div class=\"x-bg\" aria-hidden=\"true\"><div class=\"x-bg-layer-lower-image\"><\/div><\/div><span class=\"x-image e450-e11 mci-19 mci-1 mci-2 mci-3 x-effect-exit\" data-x-effect=\"{&quot;scroll&quot;:true,&quot;offsetTop&quot;:&quot;10%&quot;,&quot;offsetBottom&quot;:&quot;10%&quot;,&quot;behaviorScroll&quot;:&quot;fire-once&quot;}\"><img decoding=\"async\" src=\"https:\/\/molnbyggenstrand.se\/wp-content\/uploads\/2024\/04\/IMG_5261-scaled.jpg\" width=\"1280\" height=\"960\" alt=\"Image\" loading=\"lazy\"><\/span><\/div><div class=\"x-col x-hide-md x-hide-sm x-hide-xs e450-e12 mci-r mci-u mci-w\"><div class=\"x-text x-text-headline e450-e13 mci-12 mci-13 mci-14 mci-2 mci-3 mci-4 x-effect-exit\" data-x-effect=\"{&quot;scroll&quot;:true,&quot;offsetTop&quot;:&quot;10%&quot;,&quot;offsetBottom&quot;:&quot;10%&quot;,&quot;behaviorScroll&quot;:&quot;fire-once&quot;}\"><div class=\"x-text-content\"><div class=\"x-text-content-text\"><h4 class=\"x-text-content-text-primary\">01.<\/h4>\n<\/div><\/div><\/div><\/div><div class=\"x-col e450-e14 mci-r mci-s mci-u mci-x\"><div class=\"x-text x-text-headline e450-e15 mci-12 mci-14 mci-15 mci-2 mci-3 mci-6 x-effect-exit\" data-x-effect=\"{&quot;scroll&quot;:true,&quot;offsetTop&quot;:&quot;10%&quot;,&quot;offsetBottom&quot;:&quot;10%&quot;,&quot;behaviorScroll&quot;:&quot;fire-once&quot;}\"><div class=\"x-text-content\"><div class=\"x-text-content-text\"><h4 class=\"x-text-content-text-primary\">Boende under Vasaloppet<\/h4>\n<\/div><\/div><\/div><div class=\"x-text x-content e450-e16 mci-z mci-10 mci-2 mci-3 mci-7 x-effect-exit\" data-x-effect=\"{&quot;scroll&quot;:true,&quot;offsetTop&quot;:&quot;10%&quot;,&quot;offsetBottom&quot;:&quot;10%&quot;,&quot;behaviorScroll&quot;:&quot;fire-once&quot;}\"><p>Under 2025 &auml;r Vasaloppet i full g&aring;ng mellan den 21 februari och 2 mars. Hos oss kan du landa dagen\/dagarna innan och f&aring; skjuts till stationen d&auml;r t&aring;get tar dig till Mora och bussarna till starten. Frukostp&aring;sen ing&aring;r s&aring; klart!<\/p><\/div><\/div><\/div><\/div><div class=\"x-row x-container max width e450-e17 mci-8 mci-c mci-d mci-i mci-n\"><div class=\"x-row-inner\"><div class=\"x-col e450-e18 mci-u mci-v\"><hr class=\"x-line e450-e19 mci-16 mci-18 mci-3 mci-5 x-effect-exit\" data-x-effect=\"{&quot;scroll&quot;:true,&quot;offsetTop&quot;:&quot;10%&quot;,&quot;offsetBottom&quot;:&quot;10%&quot;,&quot;behaviorScroll&quot;:&quot;fire-once&quot;}\"\/><\/div><\/div><\/div><div class=\"x-row x-container max width e450-e20 mci-8 mci-9 mci-b mci-e mci-g mci-l mci-o\"><div class=\"x-row-inner\"><div class=\"x-col e450-e21 mci-u\"><div class=\"x-bg\" aria-hidden=\"true\"><div class=\"x-bg-layer-lower-image\"><\/div><\/div><span class=\"x-image e450-e22 mci-19 mci-1a mci-1 mci-2 mci-3 x-effect-exit\" data-x-effect=\"{&quot;scroll&quot;:true,&quot;offsetTop&quot;:&quot;10%&quot;,&quot;offsetBottom&quot;:&quot;10%&quot;,&quot;behaviorScroll&quot;:&quot;fire-once&quot;}\"><img decoding=\"async\" src=\"https:\/\/molnbyggenstrand.se\/wp-content\/uploads\/2024\/05\/IMG_9757.jpg\" width=\"645\" height=\"460\" alt=\"Image\" loading=\"lazy\"><\/span><\/div><div class=\"x-col x-hide-md x-hide-sm x-hide-xs e450-e23 mci-r mci-u mci-w\"><div class=\"x-text x-text-headline e450-e24 mci-12 mci-13 mci-14 mci-2 mci-3 mci-4 x-effect-exit\" data-x-effect=\"{&quot;scroll&quot;:true,&quot;offsetTop&quot;:&quot;10%&quot;,&quot;offsetBottom&quot;:&quot;10%&quot;,&quot;behaviorScroll&quot;:&quot;fire-once&quot;}\"><div class=\"x-text-content\"><div class=\"x-text-content-text\"><h4 class=\"x-text-content-text-primary\">02<\/h4>\n<\/div><\/div><\/div><\/div><div class=\"x-col e450-e25 mci-r mci-s mci-u mci-x\"><div class=\"x-text x-text-headline e450-e26 mci-12 mci-14 mci-15 mci-2 mci-3 mci-6 x-effect-exit\" data-x-effect=\"{&quot;scroll&quot;:true,&quot;offsetTop&quot;:&quot;10%&quot;,&quot;offsetBottom&quot;:&quot;10%&quot;,&quot;behaviorScroll&quot;:&quot;fire-once&quot;}\"><div class=\"x-text-content\"><div class=\"x-text-content-text\"><h4 class=\"x-text-content-text-primary\">Ishockey p&aring; Tegera<\/h4>\n<\/div><\/div><\/div><div class=\"x-text x-content e450-e27 mci-z mci-10 mci-2 mci-3 mci-7 x-effect-exit\" data-x-effect=\"{&quot;scroll&quot;:true,&quot;offsetTop&quot;:&quot;10%&quot;,&quot;offsetBottom&quot;:&quot;10%&quot;,&quot;behaviorScroll&quot;:&quot;fire-once&quot;}\"><p>Sov gott efter en match p&aring; Tegera Arena! Vi bjuder p&aring; skjuts till\/fr&aring;n arenan vid bokning av ett dubbelrum &nbsp;<\/p><\/div><\/div><\/div><\/div><div class=\"x-row x-container max width e450-e28 mci-8 mci-c mci-d mci-i mci-p\"><div class=\"x-row-inner\"><div class=\"x-col e450-e29 mci-u mci-v\"><hr class=\"x-line e450-e30 mci-16 mci-18 mci-3 mci-5 x-effect-exit\" data-x-effect=\"{&quot;scroll&quot;:true,&quot;offsetTop&quot;:&quot;10%&quot;,&quot;offsetBottom&quot;:&quot;10%&quot;,&quot;behaviorScroll&quot;:&quot;fire-once&quot;}\"\/><\/div><\/div><\/div><div class=\"x-row x-container max width e450-e31 mci-8 mci-9 mci-e mci-h mci-l mci-q\"><div class=\"x-row-inner\"><div class=\"x-col e450-e32 mci-u\"><div class=\"x-bg\" aria-hidden=\"true\"><div class=\"x-bg-layer-lower-image\"><\/div><\/div><span class=\"x-image e450-e33 mci-19 mci-1 mci-2 mci-3 x-effect-exit\" data-x-effect=\"{&quot;scroll&quot;:true,&quot;offsetTop&quot;:&quot;10%&quot;,&quot;offsetBottom&quot;:&quot;10%&quot;,&quot;behaviorScroll&quot;:&quot;fire-once&quot;}\"><img decoding=\"async\" src=\"https:\/\/molnbyggenstrand.se\/wp-content\/uploads\/2024\/05\/aktivitet-cykel.jpg\" width=\"1074\" height=\"705\" alt=\"Image\" loading=\"lazy\"><\/span><\/div><div class=\"x-col x-hide-md x-hide-sm x-hide-xs e450-e34 mci-r mci-u mci-w\"><div class=\"x-text x-text-headline e450-e35 mci-12 mci-13 mci-14 mci-2 mci-3 mci-4 x-effect-exit\" data-x-effect=\"{&quot;scroll&quot;:true,&quot;offsetTop&quot;:&quot;10%&quot;,&quot;offsetBottom&quot;:&quot;10%&quot;,&quot;behaviorScroll&quot;:&quot;fire-once&quot;}\"><div class=\"x-text-content\"><div class=\"x-text-content-text\"><h4 class=\"x-text-content-text-primary\">03<\/h4>\n<\/div><\/div><\/div><\/div><div class=\"x-col e450-e36 mci-r mci-s mci-u mci-x\"><div class=\"x-text x-text-headline e450-e37 mci-12 mci-14 mci-15 mci-2 mci-3 mci-6 x-effect-exit\" data-x-effect=\"{&quot;scroll&quot;:true,&quot;offsetTop&quot;:&quot;10%&quot;,&quot;offsetBottom&quot;:&quot;10%&quot;,&quot;behaviorScroll&quot;:&quot;fire-once&quot;}\"><div class=\"x-text-content\"><div class=\"x-text-content-text\"><h4 class=\"x-text-content-text-primary\">Siljan Runt<\/h4>\n<\/div><\/div><\/div><div class=\"x-text x-content e450-e38 mci-z mci-10 mci-2 mci-3 mci-7 x-effect-exit\" data-x-effect=\"{&quot;scroll&quot;:true,&quot;offsetTop&quot;:&quot;10%&quot;,&quot;offsetBottom&quot;:&quot;10%&quot;,&quot;behaviorScroll&quot;:&quot;fire-once&quot;}\"><p>H\u00e4r finns plats f\u00f6r b\u00e5de dig och cykeln n\u00e4r du v\u00e4ljer att ta med cykeln p\u00e5 semestern. <br \/>\nBekv\u00e4mt boende f\u00f6r dig som deltar p\u00e5 Siljan Runt i juni och\/eller Leksandsrundan i augusti.<\/p><\/div><\/div><\/div><\/div><\/div><\/div>","protected":false},"excerpt":{"rendered":"<p>ErbjudandenTa del av v&aring;ra erbjudanden 01. Boende under Vasaloppet Under 2025 &auml;r Vasaloppet i full g&aring;ng mellan den 21 februari och 2 mars. Hos oss kan du landa dagen\/dagarna innan och f&aring; skjuts till stationen d&auml;r t&aring;get tar dig till Mora och bussarna till starten. Frukostp&aring;sen ing&aring;r s&aring; klart!02 Ishockey p&aring; Tegera Sov gott efter en match p&aring; Tegera Arena! &#8230; <\/p>\n<div><a href=\"https:\/\/molnbyggenstrand.se\/en\/erbjudanden\/\" class=\"more-link\">Read More<\/a><\/div>","protected":false},"author":2,"featured_media":0,"parent":0,"menu_order":0,"comment_status":"closed","ping_status":"closed","template":"template-blank-4.php","meta":{"footnotes":""},"class_list":["post-450","page","type-page","status-publish","hentry","no-post-thumbnail"],"_links":{"self":[{"href":"https:\/\/molnbyggenstrand.se\/en\/wp-json\/wp\/v2\/pages\/450","targetHints":{"allow":["GET"]}}],"collection":[{"href":"https:\/\/molnbyggenstrand.se\/en\/wp-json\/wp\/v2\/pages"}],"about":[{"href":"https:\/\/molnbyggenstrand.se\/en\/wp-json\/wp\/v2\/types\/page"}],"author":[{"embeddable":true,"href":"https:\/\/molnbyggenstrand.se\/en\/wp-json\/wp\/v2\/users\/2"}],"replies":[{"embeddable":true,"href":"https:\/\/molnbyggenstrand.se\/en\/wp-json\/wp\/v2\/comments?post=450"}],"version-history":[{"count":43,"href":"https:\/\/molnbyggenstrand.se\/en\/wp-json\/wp\/v2\/pages\/450\/revisions"}],"predecessor-version":[{"id":641,"href":"https:\/\/molnbyggenstrand.se\/en\/wp-json\/wp\/v2\/pages\/450\/revisions\/641"}],"wp:attachment":[{"href":"https:\/\/molnbyggenstrand.se\/en\/wp-json\/wp\/v2\/media?parent=450"}],"curies":[{"name":"wp","href":"https:\/\/api.w.org\/{rel}","templated":true}]}}